{"id":11768,"date":"2025-08-29T22:10:51","date_gmt":"2025-08-29T22:10:51","guid":{"rendered":"https:\/\/fondoonucol.sinergiapublicidad.co\/fund-calls\/land-and-territory-restitution-processes\/"},"modified":"2025-08-30T01:29:35","modified_gmt":"2025-08-30T01:29:35","slug":"land-and-territory-restitution-processes","status":"publish","type":"page","link":"https:\/\/fondoonucol.org\/en\/fund-calls\/land-and-territory-restitution-processes\/","title":{"rendered":"Land and territory restitution processes"},"content":{"rendered":"\t\t<div data-elementor-type=\"wp-page\" data-elementor-id=\"11768\" class=\"elementor elementor-11768 elementor-11543\">\n\t\t\t\t<div class=\"elementor-element elementor-element-a686e1e e-flex e-con-boxed e-con e-parent\" data-id=\"a686e1e\" data-element_type=\"container\">\n\t\t\t\t\t<div class=\"e-con-inner\">\n\t\t<div class=\"elementor-element elementor-element-9428fa6 e-con-full e-flex e-con e-child\" data-id=\"9428fa6\" data-element_type=\"container\">\n\t\t<div class=\"elementor-element elementor-element-196dc9e e-con-full e-flex e-con e-child\" data-id=\"196dc9e\" data-element_type=\"container\">\n\t\t\t\t<div class=\"elementor-element elementor-element-d57f828 elementor-widget elementor-widget-image\" data-id=\"d57f828\" data-element_type=\"widget\" data-widget_type=\"image.default\">\n\t\t\t\t\t\t\t\t\t\t\t\t\t\t\t<img fetchpriority=\"high\" decoding=\"async\" width=\"660\" height=\"100\" src=\"https:\/\/fondoonucol.org\/wp-content\/uploads\/2025\/07\/logos_gob-FM-1.png\" class=\"attachment-large size-large wp-image-8096\" alt=\"\" srcset=\"https:\/\/fondoonucol.org\/wp-content\/uploads\/2025\/07\/logos_gob-FM-1.png 660w, https:\/\/fondoonucol.org\/wp-content\/uploads\/2025\/07\/logos_gob-FM-1-300x45.png 300w\" sizes=\"(max-width: 660px) 100vw, 660px\" \/>\t\t\t\t\t\t\t\t\t\t\t\t\t\t\t<\/div>\n\t\t\t\t<div class=\"elementor-element elementor-element-b678b96 elementor-widget-divider--view-line elementor-widget elementor-widget-divider\" data-id=\"b678b96\" data-element_type=\"widget\" data-widget_type=\"divider.default\">\n\t\t\t\t\t\t\t<div class=\"elementor-divider\">\n\t\t\t<span class=\"elementor-divider-separator\">\n\t\t\t\t\t\t<\/span>\n\t\t<\/div>\n\t\t\t\t\t\t<\/div>\n\t\t\t\t<div class=\"elementor-element elementor-element-0d59d4f elementor-widget elementor-widget-heading\" data-id=\"0d59d4f\" data-element_type=\"widget\" data-widget_type=\"heading.default\">\n\t\t\t\t\t<h4 class=\"elementor-heading-title elementor-size-default\">Call<\/h4>\t\t\t\t<\/div>\n\t\t\t\t<div class=\"elementor-element elementor-element-8b6a97e elementor-widget elementor-widget-heading\" data-id=\"8b6a97e\" data-element_type=\"widget\" data-widget_type=\"heading.default\">\n\t\t\t\t\t<h6 class=\"elementor-heading-title elementor-size-default\">To promote land and territory restitution processes with an environmental perspective, targeting national and international civil society organizations and higher education institutions.<\/h6>\t\t\t\t<\/div>\n\t\t\t\t<div class=\"elementor-element elementor-element-01e0bc3 elementor-widget-divider--view-line elementor-widget elementor-widget-divider\" data-id=\"01e0bc3\" data-element_type=\"widget\" data-widget_type=\"divider.default\">\n\t\t\t\t\t\t\t<div class=\"elementor-divider\">\n\t\t\t<span class=\"elementor-divider-separator\">\n\t\t\t\t\t\t<\/span>\n\t\t<\/div>\n\t\t\t\t\t\t<\/div>\n\t\t\t\t<div class=\"elementor-element elementor-element-81dcaa2 elementor-widget elementor-widget-text-editor\" data-id=\"81dcaa2\" data-element_type=\"widget\" data-widget_type=\"text-editor.default\">\n\t\t\t\t\t\t\t\t\t<ul style=\"list-style-type: disc;\">\n<li><strong>General objective<\/strong><\/li>\n<\/ul>\n<p>Accelerate land and territory restitution processes in areas such as the Amazon and other areas that share special environmental protection characteristics, and train the actors involved in managing these types of cases to improve and consistently incorporate environmental considerations into the administrative and judicial stages of land and territory restitution processes in Colombia.<\/p>\t\t\t\t\t\t\t\t<\/div>\n\t\t\t\t<div class=\"elementor-element elementor-element-67f181c elementor-widget elementor-widget-text-editor\" data-id=\"67f181c\" data-element_type=\"widget\" data-widget_type=\"text-editor.default\">\n\t\t\t\t\t\t\t\t\t<ul style=\"list-style-type: disc;\">\n<li><strong>Specific objectives<\/strong><\/li>\n<\/ul>\n<ol style=\"list-style-type: upper-roman;\">\n<li>Contribute to greater agility in the restitution of territorial rights for peoples and ethnic communities in the Colombian Amazon, incorporating into this litigation the respect and guarantee of the right to a healthy environment within the framework of biocultural rights.<\/li>\n<li>Contribute to the revitalization of the peasant restitution route with an environmental focus, allowing for the implementation of restitution measures in areas of special ecological importance.<\/li>\n<li>Aportar en una mayor cualificaci\u00f3n de actores institucionales, en la incorporaci\u00f3n de la perspectiva de derechos ambientales en la restituci\u00f3n de tierras y territorios.<\/li>\n<\/ol>\t\t\t\t\t\t\t\t<\/div>\n\t\t\t\t<\/div>\n\t\t<div class=\"elementor-element elementor-element-f772283 e-con-full e-flex e-con e-child\" data-id=\"f772283\" data-element_type=\"container\">\n\t\t\t\t<div class=\"elementor-element elementor-element-abf1051 elementor-widget elementor-widget-image\" data-id=\"abf1051\" data-element_type=\"widget\" data-widget_type=\"image.default\">\n\t\t\t\t\t\t\t\t\t\t\t\t\t\t\t<img decoding=\"async\" width=\"632\" height=\"540\" src=\"https:\/\/fondoonucol.org\/wp-content\/uploads\/2025\/08\/img-convocatorias-3.jpg\" class=\"attachment-large size-large wp-image-11763\" alt=\"\" srcset=\"https:\/\/fondoonucol.org\/wp-content\/uploads\/2025\/08\/img-convocatorias-3.jpg 632w, https:\/\/fondoonucol.org\/wp-content\/uploads\/2025\/08\/img-convocatorias-3-300x256.jpg 300w\" sizes=\"(max-width: 632px) 100vw, 632px\" \/>\t\t\t\t\t\t\t\t\t\t\t\t\t\t\t<\/div>\n\t\t\t\t<div class=\"elementor-element elementor-element-3c3c3a6 elementor-widget elementor-widget-heading\" data-id=\"3c3c3a6\" data-element_type=\"widget\" data-widget_type=\"heading.default\">\n\t\t\t\t\t<h6 class=\"elementor-heading-title elementor-size-default\">Selected organizations:<\/h6>\t\t\t\t<\/div>\n\t\t\t\t<div class=\"elementor-element elementor-element-816d381 elementor-icon-list--layout-traditional elementor-list-item-link-full_width elementor-widget elementor-widget-icon-list\" data-id=\"816d381\" data-element_type=\"widget\" data-widget_type=\"icon-list.default\">\n\t\t\t\t\t\t\t<ul class=\"elementor-icon-list-items\">\n\t\t\t\t\t\t\t<li class=\"elementor-icon-list-item\">\n\t\t\t\t\t\t\t\t\t\t\t<span class=\"elementor-icon-list-icon\">\n\t\t\t\t\t\t\t<svg aria-hidden=\"true\" class=\"e-font-icon-svg e-fas-check\" viewBox=\"0 0 512 512\" xmlns=\"http:\/\/www.w3.org\/2000\/svg\"><path d=\"M173.898 439.404l-166.4-166.4c-9.997-9.997-9.997-26.206 0-36.204l36.203-36.204c9.997-9.998 26.207-9.998 36.204 0L192 312.69 432.095 72.596c9.997-9.997 26.207-9.997 36.204 0l36.203 36.204c9.997 9.997 9.997 26.206 0 36.204l-294.4 294.401c-9.998 9.997-26.207 9.997-36.204-.001z\"><\/path><\/svg>\t\t\t\t\t\t<\/span>\n\t\t\t\t\t\t\t\t\t\t<span class=\"elementor-icon-list-text\">AMAZON CONSERVATION TEAM<\/span>\n\t\t\t\t\t\t\t\t\t<\/li>\n\t\t\t\t\t\t\t\t<li class=\"elementor-icon-list-item\">\n\t\t\t\t\t\t\t\t\t\t\t<span class=\"elementor-icon-list-icon\">\n\t\t\t\t\t\t\t<svg aria-hidden=\"true\" class=\"e-font-icon-svg e-fas-check\" viewBox=\"0 0 512 512\" xmlns=\"http:\/\/www.w3.org\/2000\/svg\"><path d=\"M173.898 439.404l-166.4-166.4c-9.997-9.997-9.997-26.206 0-36.204l36.203-36.204c9.997-9.998 26.207-9.998 36.204 0L192 312.69 432.095 72.596c9.997-9.997 26.207-9.997 36.204 0l36.203 36.204c9.997 9.997 9.997 26.206 0 36.204l-294.4 294.401c-9.998 9.997-26.207 9.997-36.204-.001z\"><\/path><\/svg>\t\t\t\t\t\t<\/span>\n\t\t\t\t\t\t\t\t\t\t<span class=\"elementor-icon-list-text\">U. DEL ROSARIO<\/span>\n\t\t\t\t\t\t\t\t\t<\/li>\n\t\t\t\t\t\t<\/ul>\n\t\t\t\t\t\t<\/div>\n\t\t\t\t<\/div>\n\t\t\t\t<\/div>\n\t\t\t\t\t<\/div>\n\t\t\t\t<\/div>\n\t\t\t\t<\/div>\n\t\t","protected":false},"excerpt":{"rendered":"<p>Call To promote land and territory restitution processes with an environmental perspective, targeting national and international civil society organizations and higher education institutions. General objective Accelerate land and territory restitution processes in areas such as the Amazon and other areas that share special environmental protection characteristics, and train the actors involved in managing these types<\/p>\n","protected":false},"author":1,"featured_media":0,"parent":11738,"menu_order":0,"comment_status":"closed","ping_status":"closed","template":"elementor_header_footer","meta":{"inline_featured_image":false,"footnotes":""},"class_list":["post-11768","page","type-page","status-publish","hentry"],"_links":{"self":[{"href":"https:\/\/fondoonucol.org\/en\/wp-json\/wp\/v2\/pages\/11768","targetHints":{"allow":["GET"]}}],"collection":[{"href":"https:\/\/fondoonucol.org\/en\/wp-json\/wp\/v2\/pages"}],"about":[{"href":"https:\/\/fondoonucol.org\/en\/wp-json\/wp\/v2\/types\/page"}],"author":[{"embeddable":true,"href":"https:\/\/fondoonucol.org\/en\/wp-json\/wp\/v2\/users\/1"}],"replies":[{"embeddable":true,"href":"https:\/\/fondoonucol.org\/en\/wp-json\/wp\/v2\/comments?post=11768"}],"version-history":[{"count":2,"href":"https:\/\/fondoonucol.org\/en\/wp-json\/wp\/v2\/pages\/11768\/revisions"}],"predecessor-version":[{"id":11770,"href":"https:\/\/fondoonucol.org\/en\/wp-json\/wp\/v2\/pages\/11768\/revisions\/11770"}],"up":[{"embeddable":true,"href":"https:\/\/fondoonucol.org\/en\/wp-json\/wp\/v2\/pages\/11738"}],"wp:attachment":[{"href":"https:\/\/fondoonucol.org\/en\/wp-json\/wp\/v2\/media?parent=11768"}],"curies":[{"name":"wp","href":"https:\/\/api.w.org\/{rel}","templated":true}]}}